{"id":1482,"date":"2021-01-28T10:27:54","date_gmt":"2021-01-28T09:27:54","guid":{"rendered":"https:\/\/bdoacademy.be\/subsides-agrement\/"},"modified":"2025-02-24T10:50:46","modified_gmt":"2025-02-24T09:50:46","slug":"subsides-agrement","status":"publish","type":"page","link":"https:\/\/bdoacademy.be\/fr\/subsides-agrement\/","title":{"rendered":"Subsides &amp; agr\u00e9ment"},"content":{"rendered":"<p><div class=\"fusion-fullwidth fullwidth-box fusion-builder-row-1 fusion-flex-container fusion-parallax-none nonhundred-percent-fullwidth non-hundred-percent-height-scrolling\" style=\"--awb-border-radius-top-left:0px;--awb-border-radius-top-right:0px;--awb-border-radius-bottom-right:0px;--awb-border-radius-bottom-left:0px;--awb-padding-top:100px;--awb-padding-bottom:100px;--awb-background-image:linear-gradient(180deg, rgba(255,255,255,0.6) 0%,rgba(255,255,255,0.6) 100%),url(https:\/\/bdoacademy.be\/wp-content\/uploads\/2020\/08\/header_im_trainingen_web_2020-800x533-1.jpg);;--awb-background-size:cover;--awb-flex-wrap:wrap;\" ><div class=\"fusion-builder-row fusion-row fusion-flex-align-items-flex-start fusion-flex-content-wrap\" style=\"max-width:1216.8px;margin-left: calc(-4% \/ 2 );margin-right: calc(-4% \/ 2 );\"><div class=\"fusion-layout-column fusion_builder_column fusion-builder-column-0 fusion_builder_column_1_1 1_1 fusion-flex-column\" style=\"--awb-bg-size:cover;--awb-width-large:100%;--awb-margin-top-large:0px;--awb-spacing-right-large:1.92%;--awb-margin-bottom-large:20px;--awb-spacing-left-large:1.92%;--awb-width-medium:100%;--awb-order-medium:0;--awb-spacing-right-medium:1.92%;--awb-spacing-left-medium:1.92%;--awb-width-small:100%;--awb-order-small:0;--awb-spacing-right-small:1.92%;--awb-spacing-left-small:1.92%;\"><div class=\"fusion-column-wrapper fusion-column-has-shadow fusion-flex-justify-content-flex-start fusion-content-layout-column\"><div class=\"fusion-title title fusion-title-1 fusion-sep-none fusion-title-text fusion-title-size-one\" style=\"--awb-margin-top-small:10px;--awb-margin-right-small:0px;--awb-margin-bottom-small:10px;--awb-margin-left-small:0px;\"><h1 class=\"fusion-title-heading title-heading-left\" style=\"margin:0;\">Subsides &amp; agr\u00e9ment<\/h1><\/div><\/div><\/div><\/div><\/div><div class=\"fusion-fullwidth fullwidth-box fusion-builder-row-2 fusion-flex-container nonhundred-percent-fullwidth non-hundred-percent-height-scrolling\" style=\"--awb-border-radius-top-left:0px;--awb-border-radius-top-right:0px;--awb-border-radius-bottom-right:0px;--awb-border-radius-bottom-left:0px;--awb-padding-top:70px;--awb-padding-bottom:70px;--awb-flex-wrap:wrap;\" ><div class=\"fusion-builder-row fusion-row fusion-flex-align-items-flex-start fusion-flex-content-wrap\" style=\"max-width:1216.8px;margin-left: calc(-4% \/ 2 );margin-right: calc(-4% \/ 2 );\"><div class=\"fusion-layout-column fusion_builder_column fusion-builder-column-1 fusion_builder_column_1_1 1_1 fusion-flex-column\" style=\"--awb-padding-top:0px;--awb-padding-bottom:0px;--awb-bg-size:cover;--awb-width-large:100%;--awb-margin-top-large:0px;--awb-spacing-right-large:1.92%;--awb-margin-bottom-large:0px;--awb-spacing-left-large:1.92%;--awb-width-medium:100%;--awb-order-medium:0;--awb-spacing-right-medium:1.92%;--awb-spacing-left-medium:1.92%;--awb-width-small:100%;--awb-order-small:0;--awb-spacing-right-small:1.92%;--awb-spacing-left-small:1.92%;\"><div class=\"fusion-column-wrapper fusion-column-has-shadow fusion-flex-justify-content-flex-start fusion-content-layout-column\"><div class=\"fusion-text fusion-text-1\"><p>Les formations propos\u00e9es par BDO Academy donnent droit \u00e0 diff\u00e9rents subsides et accr\u00e9ditations.<\/p>\n<p>Vous trouverez ci-dessous un aper\u00e7u ainsi qu&#8217;un lien pour obtenir plus d&#8217;informations.<\/p>\n<\/div><div class=\"fusion-content-boxes content-boxes columns row fusion-columns-4 fusion-columns-total-4 fusion-content-boxes-1 content-boxes-clean-vertical content-left content-boxes-icon-on-top\" style=\"--awb-backgroundcolor:#f8f8f8;--awb-hover-accent-color:#ed1a3b;--awb-circle-hover-accent-color:transparent;\" data-animationOffset=\"top-into-view\"><div style=\"--awb-backgroundcolor:#f8f8f8;border-color:rgba(255,255,255,0);\" class=\"fusion-column content-box-column content-box-column content-box-column-1 col-lg-3 col-md-3 col-sm-3 fusion-content-box-hover content-box-column-first-in-row\"><div class=\"col content-box-wrapper content-wrapper-background link-area-link-icon link-type-button-bar icon-hover-animation-none fusion-animated\" data-animationType=\"slideInRight\" data-animationDuration=\"0.3\" data-animationOffset=\"top-into-view\"><div class=\"heading heading-with-icon icon-left\"><a class=\"heading-link\" href=\"https:\/\/www.itaa.be\/wp-content\/uploads\/Norme-formation-continue.pdf\" target=\"_blank\" rel=\"noopener noreferrer\"><div class=\"icon\"><i style=\"background-color:transparent;border-color:transparent;height:auto;width: 40px;line-height:normal;font-size:40px;\" aria-hidden=\"true\" class=\"fontawesome-icon fa-award fas circle-no\"><\/i><\/div><h2 class=\"content-box-heading\" style=\"--h2_typography-font-size:24px;line-height:29px;\">Attestations<\/h2><\/a><\/div><div class=\"fusion-clearfix\"><\/div><div class=\"content-container\">\n<p>Attestations de l&#8217; <a href=\"https:\/\/www.itaa.be\/wp-content\/uploads\/Norme-formation-continue.pdf\">ITAA<\/a> pour les professions r\u00e9glement\u00e9es<\/p>\n<\/div><div class=\"fusion-clearfix\"><\/div><a class=\" fusion-read-more fusion-button-bar\" href=\"https:\/\/www.itaa.be\/wp-content\/uploads\/Norme-formation-continue.pdf\" target=\"_blank\" rel=\"noopener noreferrer\">Plus d'informations<\/a><div class=\"fusion-clearfix\"><\/div><\/div><\/div><div style=\"--awb-backgroundcolor:#f8f8f8;border-color:rgba(255,255,255,0);\" class=\"fusion-column content-box-column content-box-column content-box-column-2 col-lg-3 col-md-3 col-sm-3 fusion-content-box-hover \"><div class=\"col content-box-wrapper content-wrapper-background link-area-link-icon link-type-button-bar icon-hover-animation-none fusion-animated\" data-animationType=\"slideInRight\" data-animationDuration=\"0.3\" data-animationOffset=\"top-into-view\"><div class=\"heading heading-with-icon icon-left\"><a class=\"heading-link\" href=\"https:\/\/www.sodexo.be\/fr\/entreprises\/product\/cheque-formation\/\" target=\"_blank\" rel=\"noopener noreferrer\"><div class=\"icon\"><i style=\"background-color:transparent;border-color:transparent;height:auto;width: 40px;line-height:normal;font-size:40px;\" aria-hidden=\"true\" class=\"fontawesome-icon fa-money-check fas circle-no\"><\/i><\/div><h2 class=\"content-box-heading\" style=\"--h2_typography-font-size:24px;line-height:29px;\">Ch\u00e8ques-formation<\/h2><\/a><\/div><div class=\"fusion-clearfix\"><\/div><div class=\"content-container\">\n<p>Le <a href=\"https:\/\/emploi.wallonie.be\/home\/formation\/cheques-formation.html\">ch\u00e8que-formation<\/a> s\u2019adresse aux ind\u00e9pendants et aux PME : 15\u20ac par personne et par heure de formation \u00e9ligible suivie. BDO Advisory est un op\u00e9rateur de formation agr\u00e9\u00e9 par le Ministre r\u00e9gional wallon.<\/p>\n<\/div><div class=\"fusion-clearfix\"><\/div><a class=\" fusion-read-more fusion-button-bar\" href=\"https:\/\/www.sodexo.be\/fr\/entreprises\/product\/cheque-formation\/\" target=\"_blank\" rel=\"noopener noreferrer\">Plus d'informations<\/a><div class=\"fusion-clearfix\"><\/div><\/div><\/div><div style=\"--awb-backgroundcolor:#f8f8f8;border-color:rgba(255,255,255,0);\" class=\"fusion-column content-box-column content-box-column content-box-column-3 col-lg-3 col-md-3 col-sm-3 fusion-content-box-hover \"><div class=\"col content-box-wrapper content-wrapper-background link-area-link-icon link-type-button-bar icon-hover-animation-none fusion-animated\" data-animationType=\"slideInRight\" data-animationDuration=\"0.3\" data-animationOffset=\"top-into-view\"><div class=\"heading heading-with-icon icon-left\"><a class=\"heading-link\" href=\"https:\/\/www.vlaio.be\/nl\/subsidies-financiering\/kmo-portefeuille\/subsidies-aanvragen-en-ontvangen\" target=\"_blank\" rel=\"noopener noreferrer\"><div class=\"icon\"><i style=\"background-color:transparent;border-color:transparent;height:auto;width: 40px;line-height:normal;font-size:40px;\" aria-hidden=\"true\" class=\"fontawesome-icon fa-wallet fas circle-no\"><\/i><\/div><h2 class=\"content-box-heading\" style=\"--h2_typography-font-size:24px;line-height:29px;\">Portefeuille PME<\/h2><\/a><\/div><div class=\"fusion-clearfix\"><\/div><div class=\"content-container\">\n<p><a href=\"https:\/\/www.vlaio.be\/nl\/subsidies-financiering\/kmo-portefeuille\/subsidies-aanvragen-en-ontvangen\">Portefeuille PME Flandre<\/a> (20 \u00e0 30% de la formation rembours\u00e9s) : notre num\u00e9ro d&#8217;agr\u00e9ment est BDO Avisory DV.O242158.<\/p>\n<\/div><div class=\"fusion-clearfix\"><\/div><a class=\" fusion-read-more fusion-button-bar\" href=\"https:\/\/www.vlaio.be\/nl\/subsidies-financiering\/kmo-portefeuille\/subsidies-aanvragen-en-ontvangen\" target=\"_blank\" rel=\"noopener noreferrer\">Plus d'informations<\/a><div class=\"fusion-clearfix\"><\/div><\/div><\/div><div style=\"--awb-backgroundcolor:#f8f8f8;border-color:rgba(255,255,255,0);\" class=\"fusion-column content-box-column content-box-column content-box-column-4 col-lg-3 col-md-3 col-sm-3 fusion-content-box-hover content-box-column-last content-box-column-last-in-row\"><div class=\"col content-box-wrapper content-wrapper-background link-area-link-icon link-type-button-bar icon-hover-animation-none fusion-animated\" data-animationType=\"slideInRight\" data-animationDuration=\"0.3\" data-animationOffset=\"top-into-view\"><div class=\"heading heading-with-icon icon-left\"><a class=\"heading-link\" href=\"https:\/\/www.logosinform.be\/nl\/werkgevers\/subsidies\/subsidies-logos\" target=\"_blank\" rel=\"noopener noreferrer\"><div class=\"icon\"><i style=\"background-color:transparent;border-color:transparent;height:auto;width: 40px;line-height:normal;font-size:40px;\" aria-hidden=\"true\" class=\"fontawesome-icon fa-calculator fas circle-no\"><\/i><\/div><h2 class=\"content-box-heading\" style=\"--h2_typography-font-size:24px;line-height:29px;\">Subsides LOGOS<\/h2><\/a><\/div><div class=\"fusion-clearfix\"><\/div><div class=\"content-container\">\n<p><a href=\"https:\/\/www.logosinform.be\/nl\/werkgevers\/subsidies\/subsidies-logos\">Subsides LOGOS<\/a> pour les employeurs de la commission paritaire 226<\/p>\n<\/div><div class=\"fusion-clearfix\"><\/div><a class=\" fusion-read-more fusion-button-bar\" href=\"https:\/\/www.logosinform.be\/nl\/werkgevers\/subsidies\/subsidies-logos\" target=\"_blank\" rel=\"noopener noreferrer\">Plus d'informations<\/a><div class=\"fusion-clearfix\"><\/div><\/div><\/div><div class=\"fusion-clearfix\"><\/div><\/div><div class=\"fusion-text fusion-text-2\"><p><span class=\"TextRun Highlight BCX0 SCXW82783870\" lang=\"NL-NL\" data-contrast=\"auto\"><span class=\"NormalTextRun BCX0 SCXW82783870\">Toutes les formations n&#8217;entrent pas en ligne de compte pour des subsides,<\/span><\/span><span class=\"TextRun Highlight BCX0 SCXW82783870\" lang=\"NL-NL\" data-contrast=\"auto\"><span class=\"NormalTextRun BCX0 SCXW82783870\"> mais certains subsides sont combinables.<\/span><\/span><\/p>\n<\/div><\/div><\/div><\/div><\/div><div class=\"fusion-fullwidth fullwidth-box fusion-builder-row-3 fusion-flex-container nonhundred-percent-fullwidth non-hundred-percent-height-scrolling\" style=\"--awb-border-radius-top-left:0px;--awb-border-radius-top-right:0px;--awb-border-radius-bottom-right:0px;--awb-border-radius-bottom-left:0px;--awb-padding-top:30px;--awb-background-color:#f8f8f8;--awb-flex-wrap:wrap;\" ><div class=\"fusion-builder-row fusion-row fusion-flex-align-items-center fusion-flex-content-wrap\" style=\"max-width:1216.8px;margin-left: calc(-4% \/ 2 );margin-right: calc(-4% \/ 2 );\"><div class=\"fusion-layout-column fusion_builder_column fusion-builder-column-2 fusion_builder_column_2_3 2_3 fusion-flex-column\" style=\"--awb-bg-size:cover;--awb-width-large:66.666666666667%;--awb-margin-top-large:0px;--awb-spacing-right-large:2.88%;--awb-margin-bottom-large:20px;--awb-spacing-left-large:2.88%;--awb-width-medium:100%;--awb-order-medium:0;--awb-spacing-right-medium:1.92%;--awb-spacing-left-medium:1.92%;--awb-width-small:100%;--awb-order-small:0;--awb-spacing-right-small:1.92%;--awb-spacing-left-small:1.92%;\"><div class=\"fusion-column-wrapper fusion-column-has-shadow fusion-flex-justify-content-flex-start fusion-content-layout-column\"><div class=\"fusion-title title fusion-title-2 fusion-sep-none fusion-title-text fusion-title-size-three\" style=\"--awb-margin-top-small:10px;--awb-margin-right-small:0px;--awb-margin-bottom-small:10px;--awb-margin-left-small:0px;\"><h3 class=\"fusion-title-heading title-heading-left\" style=\"margin:0;\">Questions ?<\/h3><\/div><div class=\"fusion-text fusion-text-3\"><p>N&#8217;h\u00e9sitez pas \u00e0 nous contacter !<\/p>\n<\/div><\/div><\/div><div class=\"fusion-layout-column fusion_builder_column fusion-builder-column-3 fusion_builder_column_1_3 1_3 fusion-flex-column\" style=\"--awb-bg-size:cover;--awb-width-large:33.333333333333%;--awb-margin-top-large:0px;--awb-spacing-right-large:5.76%;--awb-margin-bottom-large:20px;--awb-spacing-left-large:5.76%;--awb-width-medium:100%;--awb-order-medium:0;--awb-spacing-right-medium:1.92%;--awb-spacing-left-medium:1.92%;--awb-width-small:100%;--awb-order-small:0;--awb-spacing-right-small:1.92%;--awb-spacing-left-small:1.92%;\"><div class=\"fusion-column-wrapper fusion-column-has-shadow fusion-flex-justify-content-flex-start fusion-content-layout-column\"><div style=\"text-align:right;\"><a class=\"fusion-button button-flat fusion-button-default-size button-default fusion-button-default button-1 fusion-button-default-span fusion-button-default-type\" target=\"_self\" href=\"https:\/\/bdoacademy.be\/fr\/contact-2\/\"><span class=\"fusion-button-text awb-button__text awb-button__text--default\">Contactez BDO Academy<\/span><\/a><\/div><\/div><\/div><\/div><\/div><\/p>\n","protected":false},"excerpt":{"rendered":"","protected":false},"author":1,"featured_media":0,"parent":0,"menu_order":0,"comment_status":"closed","ping_status":"closed","template":"100-width.php","meta":{"_acf_changed":false,"footnotes":""},"class_list":["post-1482","page","type-page","status-publish","hentry"],"acf":[],"_links":{"self":[{"href":"https:\/\/bdoacademy.be\/fr\/wp-json\/wp\/v2\/pages\/1482","targetHints":{"allow":["GET"]}}],"collection":[{"href":"https:\/\/bdoacademy.be\/fr\/wp-json\/wp\/v2\/pages"}],"about":[{"href":"https:\/\/bdoacademy.be\/fr\/wp-json\/wp\/v2\/types\/page"}],"author":[{"embeddable":true,"href":"https:\/\/bdoacademy.be\/fr\/wp-json\/wp\/v2\/users\/1"}],"replies":[{"embeddable":true,"href":"https:\/\/bdoacademy.be\/fr\/wp-json\/wp\/v2\/comments?post=1482"}],"version-history":[{"count":0,"href":"https:\/\/bdoacademy.be\/fr\/wp-json\/wp\/v2\/pages\/1482\/revisions"}],"wp:attachment":[{"href":"https:\/\/bdoacademy.be\/fr\/wp-json\/wp\/v2\/media?parent=1482"}],"curies":[{"name":"wp","href":"https:\/\/api.w.org\/{rel}","templated":true}]}}